{"id":6,"date":"2019-11-13T11:39:09","date_gmt":"2019-11-13T10:39:09","guid":{"rendered":"https:\/\/alzheimers-tips.com\/?page_id=6"},"modified":"2019-11-13T11:52:19","modified_gmt":"2019-11-13T10:52:19","slug":"treppenlifte-fuer-alle-gegebenheiten","status":"publish","type":"page","link":"https:\/\/alzheimers-tips.com\/","title":{"rendered":"Treppenlifte f\u00fcr alle Gegebenheiten."},"content":{"rendered":"<p><strong>Es gibt f\u00fcr Sie zahlreiche M\u00f6glichkeiten Treppenlifte kaufen und diese umgehend in Betrieb zu nehmen. Ebenfalls visuell ist in jener Beziehung eine wahre Weiterentwicklung zu beobachten. Jene Lifte sind modischer geworden und es existieren unterschiedlichste Varianten zum Erwerb. So stechen die Treppenlifte keinesfalls l\u00e4stig ins Auge stattdessen stellen diese eine angemessen Erg\u00e4nzung im Eigenheim dar. Selbst f\u00fcr kleine Flure sowie steile Treppenh\u00e4user existiert der optimale Treppenlift. Alles wird genau abgemessen und ermittelt. So kann die Installation bewusst starten und Sie werden schon in absehbarer Zeit den Treppenlift in Betrieb nehmen k\u00f6nnen. Darauffolgend werden Sie froh sein, sich f\u00fcr so einen n\u00fctzlichen Erwerb entschlossen zu haben.<\/strong><\/p>\n<p><img loading=\"lazy\" decoding=\"async\" class=\"alignnone wp-image-7 size-full\" src=\"https:\/\/alzheimers-tips.com\/wp-content\/uploads\/2019\/11\/2019-11-13_Treppenlifte-kaufen.png\" alt=\"\" width=\"958\" height=\"629\" srcset=\"https:\/\/alzheimers-tips.com\/wp-content\/uploads\/2019\/11\/2019-11-13_Treppenlifte-kaufen.png 958w, https:\/\/alzheimers-tips.com\/wp-content\/uploads\/2019\/11\/2019-11-13_Treppenlifte-kaufen-300x197.png 300w, https:\/\/alzheimers-tips.com\/wp-content\/uploads\/2019\/11\/2019-11-13_Treppenlifte-kaufen-768x504.png 768w, https:\/\/alzheimers-tips.com\/wp-content\/uploads\/2019\/11\/2019-11-13_Treppenlifte-kaufen-945x620.png 945w, https:\/\/alzheimers-tips.com\/wp-content\/uploads\/2019\/11\/2019-11-13_Treppenlifte-kaufen-600x394.png 600w\" sizes=\"auto, (max-width: 958px) 100vw, 958px\" \/><\/p>\n<h1>Preiswert einen Treppenlift kaufen<\/h1>\n<p>Sie k\u00f6nnen die Treppenlifte kaufen und kosten die komplette Wahl aus. So erhalten Sie die Variante, welche Sie sich tats\u00e4chlich w\u00fcnschen. Falsche Abstriche m\u00fcssen daher nicht geschlossen werden. Die Wahl ist enorm und der Markt w\u00e4chst kontinuierlich weiter. Selbstverst\u00e4ndlich sind die Erwartungen enorm, damit jedwedes Ger\u00e4t erneut nachbearbeitet werden kann. Der Treppenlift muss sich immer in Ihre Wohnlandschaft einbinden. Letztendlich ist jede Wohnung andersartig und die Geb\u00e4ude, beziehungsweise die jeweiligen Stockwerke zeigen Eigenheiten auf, welche ein Lift \u00fcberbr\u00fccken sollte. Sie k\u00f6nnen hier annehmen, dass Sie exakt den Artikel entdecken, welcher Ihnen das Leben keinesfalls blo\u00df einfacher, sondern dar\u00fcber hinaus einfach lebenswerter macht. Es rentiert sich, sich mit dieser Materie fr\u00fchzeitig zu befassen. Ber\u00fccksichtigen Sie Ihre Beweglichkeit und welche Erleichterungen es in jener Beziehung gibt. Absolut zu Unrecht werden die Stufen im Eigenheim h\u00e4ufig gef\u00fcrchtet. Dabei existieren die verschiedensten Treppenlifte, welche Ihnen jene Barrieren m\u00fchelos abnehmen.<\/p>\n<p>&nbsp;<\/p>\n<h2>Elegante und erstklassige Treppenlifte kaufen<\/h2>\n<p>Ebenso wie bei allen anderen Artikeln auch, spielt die Qualit\u00e4t eine treibende Rolle. Wer qualitativ hochklassig erwirbt, der hat klar mehr von dieser Anlage. Falls Sie also gedenken, Treppenlifte kaufen zu wollen, sollte klar auf jene Kriterien geachtet werden. Wie hoch ist die Strapazierf\u00e4higkeit des Lifts, wie sieht es mit der Garantie aus, welches Unternehmen stellt diesen Treppenlift her? Wie gestalten sich die Rezensionen und Beurteilungen unabh\u00e4ngiger Institute und wie sehen die anderen Anwender diesen Lift? Beachten Sie klar jene Entscheidungskriterien und vergleichen Sie, ehe Sie Treppenlifte kaufen. Letzten Endes sollten Sie von einem Lift f\u00fcr lange Zeit profitieren verm\u00f6gen. Sie werden sich umgehend gut f\u00fchlen und die Stufen machen in n\u00e4her Zukunft keinerlei Angst mehr. Jene Entscheidung ist n\u00fctzlich und kann f\u00fcr \u00c4ltere Menschen die perfekte L\u00f6sung sein. Auf diese Weise kann die pers\u00f6nliche Wohnung nach wie vor verwendet werden und das vitale Dasein kann fortgesetzt werden. Absolut nicht umsonst ist die Euphorie f\u00fcr Treppenlifte enorm. Sichern Sie sich Ihr geeignetes Produktangebot, dass entsprechend ihrer W\u00fcnsche zusammengestellt wird. Die Fortentwicklung sowie der technologische Progress erlauben mittlerweile diesen Komfort f\u00fcr jeden.<\/p>\n<p>&nbsp;<\/p>\n","protected":false},"excerpt":{"rendered":"<p>Es gibt f\u00fcr Sie zahlreiche M\u00f6glichkeiten Treppenlifte kaufen und diese umgehend in Betrieb zu nehmen. Ebenfalls visuell ist in jener Beziehung eine wahre Weiterentwicklung zu beobachten. Jene Lifte sind modischer geworden und es existieren unterschiedlichste Varianten zum Erwerb. So stechen&#8230; <a class=\"more-link\" href=\"https:\/\/alzheimers-tips.com\/\">Weiterlesen &rarr;<\/a><\/p>\n","protected":false},"author":1,"featured_media":0,"parent":0,"menu_order":0,"comment_status":"closed","ping_status":"closed","template":"template-fullwidth.php","meta":{"footnotes":""},"class_list":["post-6","page","type-page","status-publish","hentry"],"yoast_head":"<!-- This site is optimized with the Yoast SEO plugin v27.2 - https:\/\/yoast.com\/product\/yoast-seo-wordpress\/ -->\n<title>Treppenlifte f\u00fcr alle Gegebenheiten. - Alzheimer Tips<\/title>\n<meta name=\"robots\" content=\"index, follow, max-snippet:-1, max-image-preview:large, max-video-preview:-1\" \/>\n<link rel=\"canonical\" href=\"https:\/\/alzheimers-tips.com\/\" \/>\n<meta property=\"og:locale\" content=\"de_DE\" \/>\n<meta property=\"og:type\" content=\"article\" \/>\n<meta property=\"og:title\" content=\"Treppenlifte f\u00fcr alle Gegebenheiten. - Alzheimer Tips\" \/>\n<meta property=\"og:description\" content=\"Es gibt f\u00fcr Sie zahlreiche M\u00f6glichkeiten Treppenlifte kaufen und diese umgehend in Betrieb zu nehmen. Ebenfalls visuell ist in jener Beziehung eine wahre Weiterentwicklung zu beobachten. Jene Lifte sind modischer geworden und es existieren unterschiedlichste Varianten zum Erwerb. So stechen... Weiterlesen &rarr;\" \/>\n<meta property=\"og:url\" content=\"https:\/\/alzheimers-tips.com\/\" \/>\n<meta property=\"og:site_name\" content=\"Alzheimer Tips\" \/>\n<meta property=\"article:modified_time\" content=\"2019-11-13T10:52:19+00:00\" \/>\n<meta property=\"og:image\" content=\"https:\/\/alzheimers-tips.com\/wp-content\/uploads\/2019\/11\/2019-11-13_Treppenlifte-kaufen.png\" \/>\n<meta name=\"twitter:card\" content=\"summary_large_image\" \/>\n<meta name=\"twitter:label1\" content=\"Gesch\u00e4tzte Lesezeit\" \/>\n\t<meta name=\"twitter:data1\" content=\"2\u00a0Minuten\" \/>\n<script type=\"application\/ld+json\" class=\"yoast-schema-graph\">{\"@context\":\"https:\/\/schema.org\",\"@graph\":[{\"@type\":\"WebPage\",\"@id\":\"https:\/\/alzheimers-tips.com\/\",\"url\":\"https:\/\/alzheimers-tips.com\/\",\"name\":\"Treppenlifte f\u00fcr alle Gegebenheiten. - Alzheimer Tips\",\"isPartOf\":{\"@id\":\"https:\/\/alzheimers-tips.com\/#website\"},\"primaryImageOfPage\":{\"@id\":\"https:\/\/alzheimers-tips.com\/#primaryimage\"},\"image\":{\"@id\":\"https:\/\/alzheimers-tips.com\/#primaryimage\"},\"thumbnailUrl\":\"https:\/\/alzheimers-tips.com\/wp-content\/uploads\/2019\/11\/2019-11-13_Treppenlifte-kaufen.png\",\"datePublished\":\"2019-11-13T10:39:09+00:00\",\"dateModified\":\"2019-11-13T10:52:19+00:00\",\"breadcrumb\":{\"@id\":\"https:\/\/alzheimers-tips.com\/#breadcrumb\"},\"inLanguage\":\"de\",\"potentialAction\":[{\"@type\":\"ReadAction\",\"target\":[\"https:\/\/alzheimers-tips.com\/\"]}]},{\"@type\":\"ImageObject\",\"inLanguage\":\"de\",\"@id\":\"https:\/\/alzheimers-tips.com\/#primaryimage\",\"url\":\"https:\/\/alzheimers-tips.com\/wp-content\/uploads\/2019\/11\/2019-11-13_Treppenlifte-kaufen.png\",\"contentUrl\":\"https:\/\/alzheimers-tips.com\/wp-content\/uploads\/2019\/11\/2019-11-13_Treppenlifte-kaufen.png\"},{\"@type\":\"BreadcrumbList\",\"@id\":\"https:\/\/alzheimers-tips.com\/#breadcrumb\",\"itemListElement\":[{\"@type\":\"ListItem\",\"position\":1,\"name\":\"Startseite\",\"item\":\"https:\/\/alzheimers-tips.com\/\"},{\"@type\":\"ListItem\",\"position\":2,\"name\":\"Treppenlifte f\u00fcr alle Gegebenheiten.\"}]},{\"@type\":\"WebSite\",\"@id\":\"https:\/\/alzheimers-tips.com\/#website\",\"url\":\"https:\/\/alzheimers-tips.com\/\",\"name\":\"Alzheimer Tips\",\"description\":\"Der Senioren Blog\",\"potentialAction\":[{\"@type\":\"SearchAction\",\"target\":{\"@type\":\"EntryPoint\",\"urlTemplate\":\"https:\/\/alzheimers-tips.com\/?s={search_term_string}\"},\"query-input\":{\"@type\":\"PropertyValueSpecification\",\"valueRequired\":true,\"valueName\":\"search_term_string\"}}],\"inLanguage\":\"de\"}]}<\/script>\n<!-- \/ Yoast SEO plugin. -->","yoast_head_json":{"title":"Treppenlifte f\u00fcr alle Gegebenheiten. - Alzheimer Tips","robots":{"index":"index","follow":"follow","max-snippet":"max-snippet:-1","max-image-preview":"max-image-preview:large","max-video-preview":"max-video-preview:-1"},"canonical":"https:\/\/alzheimers-tips.com\/","og_locale":"de_DE","og_type":"article","og_title":"Treppenlifte f\u00fcr alle Gegebenheiten. - Alzheimer Tips","og_description":"Es gibt f\u00fcr Sie zahlreiche M\u00f6glichkeiten Treppenlifte kaufen und diese umgehend in Betrieb zu nehmen. Ebenfalls visuell ist in jener Beziehung eine wahre Weiterentwicklung zu beobachten. Jene Lifte sind modischer geworden und es existieren unterschiedlichste Varianten zum Erwerb. So stechen... Weiterlesen &rarr;","og_url":"https:\/\/alzheimers-tips.com\/","og_site_name":"Alzheimer Tips","article_modified_time":"2019-11-13T10:52:19+00:00","og_image":[{"url":"https:\/\/alzheimers-tips.com\/wp-content\/uploads\/2019\/11\/2019-11-13_Treppenlifte-kaufen.png","type":"","width":"","height":""}],"twitter_card":"summary_large_image","twitter_misc":{"Gesch\u00e4tzte Lesezeit":"2\u00a0Minuten"},"schema":{"@context":"https:\/\/schema.org","@graph":[{"@type":"WebPage","@id":"https:\/\/alzheimers-tips.com\/","url":"https:\/\/alzheimers-tips.com\/","name":"Treppenlifte f\u00fcr alle Gegebenheiten. - Alzheimer Tips","isPartOf":{"@id":"https:\/\/alzheimers-tips.com\/#website"},"primaryImageOfPage":{"@id":"https:\/\/alzheimers-tips.com\/#primaryimage"},"image":{"@id":"https:\/\/alzheimers-tips.com\/#primaryimage"},"thumbnailUrl":"https:\/\/alzheimers-tips.com\/wp-content\/uploads\/2019\/11\/2019-11-13_Treppenlifte-kaufen.png","datePublished":"2019-11-13T10:39:09+00:00","dateModified":"2019-11-13T10:52:19+00:00","breadcrumb":{"@id":"https:\/\/alzheimers-tips.com\/#breadcrumb"},"inLanguage":"de","potentialAction":[{"@type":"ReadAction","target":["https:\/\/alzheimers-tips.com\/"]}]},{"@type":"ImageObject","inLanguage":"de","@id":"https:\/\/alzheimers-tips.com\/#primaryimage","url":"https:\/\/alzheimers-tips.com\/wp-content\/uploads\/2019\/11\/2019-11-13_Treppenlifte-kaufen.png","contentUrl":"https:\/\/alzheimers-tips.com\/wp-content\/uploads\/2019\/11\/2019-11-13_Treppenlifte-kaufen.png"},{"@type":"BreadcrumbList","@id":"https:\/\/alzheimers-tips.com\/#breadcrumb","itemListElement":[{"@type":"ListItem","position":1,"name":"Startseite","item":"https:\/\/alzheimers-tips.com\/"},{"@type":"ListItem","position":2,"name":"Treppenlifte f\u00fcr alle Gegebenheiten."}]},{"@type":"WebSite","@id":"https:\/\/alzheimers-tips.com\/#website","url":"https:\/\/alzheimers-tips.com\/","name":"Alzheimer Tips","description":"Der Senioren Blog","potentialAction":[{"@type":"SearchAction","target":{"@type":"EntryPoint","urlTemplate":"https:\/\/alzheimers-tips.com\/?s={search_term_string}"},"query-input":{"@type":"PropertyValueSpecification","valueRequired":true,"valueName":"search_term_string"}}],"inLanguage":"de"}]}},"_links":{"self":[{"href":"https:\/\/alzheimers-tips.com\/index.php?rest_route=\/wp\/v2\/pages\/6","targetHints":{"allow":["GET"]}}],"collection":[{"href":"https:\/\/alzheimers-tips.com\/index.php?rest_route=\/wp\/v2\/pages"}],"about":[{"href":"https:\/\/alzheimers-tips.com\/index.php?rest_route=\/wp\/v2\/types\/page"}],"author":[{"embeddable":true,"href":"https:\/\/alzheimers-tips.com\/index.php?rest_route=\/wp\/v2\/users\/1"}],"replies":[{"embeddable":true,"href":"https:\/\/alzheimers-tips.com\/index.php?rest_route=%2Fwp%2Fv2%2Fcomments&post=6"}],"version-history":[{"count":1,"href":"https:\/\/alzheimers-tips.com\/index.php?rest_route=\/wp\/v2\/pages\/6\/revisions"}],"predecessor-version":[{"id":8,"href":"https:\/\/alzheimers-tips.com\/index.php?rest_route=\/wp\/v2\/pages\/6\/revisions\/8"}],"wp:attachment":[{"href":"https:\/\/alzheimers-tips.com\/index.php?rest_route=%2Fwp%2Fv2%2Fmedia&parent=6"}],"curies":[{"name":"wp","href":"https:\/\/api.w.org\/{rel}","templated":true}]}}